{"id":1415,"date":"2024-09-20T07:49:53","date_gmt":"2024-09-20T10:49:53","guid":{"rendered":"https:\/\/empresei.com\/?page_id=1415"},"modified":"2024-09-23T09:44:00","modified_gmt":"2024-09-23T12:44:00","slug":"quem-somos","status":"publish","type":"page","link":"https:\/\/empresei.com\/index.php\/quem-somos\/","title":{"rendered":"Quem somos"},"content":{"rendered":"\t\t<div data-elementor-type=\"wp-page\" data-elementor-id=\"1415\" class=\"elementor elementor-1415\" data-elementor-post-type=\"page\">\n\t\t\t\t<div class=\"elementor-element elementor-element-2cee8f6 e-flex e-con-boxed e-con e-parent\" data-id=\"2cee8f6\" data-element_type=\"container\">\n\t\t\t\t\t<div class=\"e-con-inner\">\n\t\t<div class=\"elementor-element elementor-element-c170a3e e-con-full e-flex e-con e-child\" data-id=\"c170a3e\" data-element_type=\"container\">\n\t\t\t\t<div class=\"elementor-element elementor-element-2ae5d98 elementor-widget__width-initial elementor-widget elementor-widget-image-box\" data-id=\"2ae5d98\" data-element_type=\"widget\" data-widget_type=\"image-box.default\">\n\t\t\t\t<div class=\"elementor-widget-container\">\n\t\t\t<div class=\"elementor-image-box-wrapper\"><div class=\"elementor-image-box-content\"><h3 class=\"elementor-image-box-title\">Sobre a Empresei<\/h3><p class=\"elementor-image-box-description\"><b>Na Empresei<\/b>, nossa miss\u00e3o \u00e9 <b>impulsionar<\/b> o sucesso dos empreendedores, ajudando-os a alcan\u00e7ar seu m\u00e1ximo potencial. Somos uma equipe de especialistas dedicados a fornecer <b>consultoria empresarial<\/b> de alta qualidade, focada em pequenas e m\u00e9dias empresas. Nosso objetivo \u00e9 organizar com efici\u00eancia seus neg\u00f3cios e <b>processos operacionais<\/b>, utilizando <b>estrat\u00e9gias de planejamento financeiro empresarial, automa\u00e7\u00e3o de marketing e gest\u00e3o de fluxo de caixa.<\/b> Com nossa <b>consultoria de vendas B2B<\/b> e <b>capacita\u00e7\u00e3o empresarial<\/b>, ajudamos sua empresa a crescer e se diferenciar no mercado competitivo.\n<\/p><\/div><\/div>\t\t<\/div>\n\t\t\t\t<\/div>\n\t\t\t\t<\/div>\n\t\t<div class=\"elementor-element elementor-element-c7d2a85 e-con-full e-flex e-con e-child\" data-id=\"c7d2a85\" data-element_type=\"container\">\n\t\t\t\t<div class=\"elementor-element elementor-element-50a937b elementor-widget__width-initial elementor-widget elementor-widget-google_maps\" data-id=\"50a937b\" data-element_type=\"widget\" data-widget_type=\"google_maps.default\">\n\t\t\t\t<div class=\"elementor-widget-container\">\n\t\t\t\t\t<div class=\"elementor-custom-embed\">\n\t\t\t<iframe loading=\"lazy\"\n\t\t\t\t\tsrc=\"https:\/\/maps.google.com\/maps?q=Rua%20Edu%20Chaves%2C%20234%20-%20Sala%2024%20-%20Jardim%20Bela%20Vista&#038;t=m&#038;z=10&#038;output=embed&#038;iwloc=near\"\n\t\t\t\t\ttitle=\"Rua Edu Chaves, 234 - Sala 24 - Jardim Bela Vista\"\n\t\t\t\t\taria-label=\"Rua Edu Chaves, 234 - Sala 24 - Jardim Bela Vista\"\n\t\t\t><\/iframe>\n\t\t<\/div>\n\t\t\t\t<\/div>\n\t\t\t\t<\/div>\n\t\t\t\t<div class=\"elementor-element elementor-element-3c8e28f elementor-widget__width-inherit elementor-widget elementor-widget-text-editor\" data-id=\"3c8e28f\" data-element_type=\"widget\" data-widget_type=\"text-editor.default\">\n\t\t\t\t<div class=\"elementor-widget-container\">\n\t\t\t\t\t\t\t<p>CNPJ: 52.808.259\/000167<\/p>\t\t\t\t\t\t<\/div>\n\t\t\t\t<\/div>\n\t\t\t\t<div class=\"elementor-element elementor-element-3d81139 elementor-widget elementor-widget-text-editor\" data-id=\"3d81139\" data-element_type=\"widget\" data-widget_type=\"text-editor.default\">\n\t\t\t\t<div class=\"elementor-widget-container\">\n\t\t\t\t\t\t\t<p>Rua Edu Chaves 234 &#8211; Sala 24 &#8211; Santo Andr\u00e9 &#8211; SP<\/p>\t\t\t\t\t\t<\/div>\n\t\t\t\t<\/div>\n\t\t\t\t<div class=\"elementor-element elementor-element-b4f09b9 elementor-align-center elementor-widget__width-inherit elementor-mobile-align-center elementor-widget elementor-widget-button\" data-id=\"b4f09b9\" data-element_type=\"widget\" data-widget_type=\"button.default\">\n\t\t\t\t<div class=\"elementor-widget-container\">\n\t\t\t\t\t<div class=\"elementor-button-wrapper\">\n\t\t\t<a class=\"elementor-button elementor-button-link elementor-size-sm\" href=\"#elementor-action%3Aaction%3Dpopup%3Aopen%26settings%3DeyJpZCI6IjEzMzIiLCJ0b2dnbGUiOmZhbHNlfQ%3D%3D\">\n\t\t\t\t\t\t<span class=\"elementor-button-content-wrapper\">\n\t\t\t\t\t\t\t\t\t<span class=\"elementor-button-text\">GOSTARIA DE MAIS INFORMA\u00c7\u00d5ES<\/span>\n\t\t\t\t\t<\/span>\n\t\t\t\t\t<\/a>\n\t\t<\/div>\n\t\t\t\t<\/div>\n\t\t\t\t<\/div>\n\t\t\t\t<\/div>\n\t\t\t\t\t<\/div>\n\t\t\t\t<\/div>\n\t\t\t\t<\/div>\n\t\t","protected":false},"excerpt":{"rendered":"<p>Sobre a Empresei Na Empresei, nossa miss\u00e3o \u00e9 impulsionar o sucesso dos empreendedores, ajudando-os a alcan\u00e7ar seu m\u00e1ximo potencial. Somos uma equipe de especialistas dedicados a fornecer consultoria empresarial de alta qualidade, focada em pequenas e m\u00e9dias empresas. Nosso objetivo \u00e9 organizar com efici\u00eancia seus neg\u00f3cios e processos operacionais, utilizando estrat\u00e9gias de planejamento financeiro empresarial, [&hellip;]<\/p>\n","protected":false},"author":3,"featured_media":0,"parent":0,"menu_order":0,"comment_status":"closed","ping_status":"closed","template":"elementor_header_footer","meta":{"footnotes":""},"class_list":["post-1415","page","type-page","status-publish","hentry"],"yoast_head":"<!-- This site is optimized with the Yoast SEO plugin v23.5 - https:\/\/yoast.com\/wordpress\/plugins\/seo\/ -->\n<title>Quem somos<\/title>\n<meta name=\"robots\" content=\"index, follow, max-snippet:-1, max-image-preview:large, max-video-preview:-1\" \/>\n<link rel=\"canonical\" href=\"https:\/\/empresei.com\/index.php\/quem-somos\/\" \/>\n<meta property=\"og:locale\" content=\"en_US\" \/>\n<meta property=\"og:type\" content=\"article\" \/>\n<meta property=\"og:title\" content=\"Quem somos\" \/>\n<meta property=\"og:description\" content=\"Sobre a Empresei Na Empresei, nossa miss\u00e3o \u00e9 impulsionar o sucesso dos empreendedores, ajudando-os a alcan\u00e7ar seu m\u00e1ximo potencial. Somos uma equipe de especialistas dedicados a fornecer consultoria empresarial de alta qualidade, focada em pequenas e m\u00e9dias empresas. Nosso objetivo \u00e9 organizar com efici\u00eancia seus neg\u00f3cios e processos operacionais, utilizando estrat\u00e9gias de planejamento financeiro empresarial, [&hellip;]\" \/>\n<meta property=\"og:url\" content=\"https:\/\/empresei.com\/index.php\/quem-somos\/\" \/>\n<meta property=\"og:site_name\" content=\"empresei.com\" \/>\n<meta property=\"article:modified_time\" content=\"2024-09-23T12:44:00+00:00\" \/>\n<meta name=\"twitter:card\" content=\"summary_large_image\" \/>\n<meta name=\"twitter:label1\" content=\"Est. reading time\" \/>\n\t<meta name=\"twitter:data1\" content=\"1 minute\" \/>\n<script type=\"application\/ld+json\" class=\"yoast-schema-graph\">{\"@context\":\"https:\/\/schema.org\",\"@graph\":[{\"@type\":\"WebPage\",\"@id\":\"https:\/\/empresei.com\/index.php\/quem-somos\/\",\"url\":\"https:\/\/empresei.com\/index.php\/quem-somos\/\",\"name\":\"Quem somos\",\"isPartOf\":{\"@id\":\"https:\/\/empresei.com\/#website\"},\"datePublished\":\"2024-09-20T10:49:53+00:00\",\"dateModified\":\"2024-09-23T12:44:00+00:00\",\"breadcrumb\":{\"@id\":\"https:\/\/empresei.com\/index.php\/quem-somos\/#breadcrumb\"},\"inLanguage\":\"en-US\",\"potentialAction\":[{\"@type\":\"ReadAction\",\"target\":[\"https:\/\/empresei.com\/index.php\/quem-somos\/\"]}]},{\"@type\":\"BreadcrumbList\",\"@id\":\"https:\/\/empresei.com\/index.php\/quem-somos\/#breadcrumb\",\"itemListElement\":[{\"@type\":\"ListItem\",\"position\":1,\"name\":\"In\u00edcio\",\"item\":\"https:\/\/empresei.com\/\"},{\"@type\":\"ListItem\",\"position\":2,\"name\":\"Quem somos\"}]},{\"@type\":\"WebSite\",\"@id\":\"https:\/\/empresei.com\/#website\",\"url\":\"https:\/\/empresei.com\/\",\"name\":\"empresei\",\"description\":\"\",\"publisher\":{\"@id\":\"https:\/\/empresei.com\/#organization\"},\"potentialAction\":[{\"@type\":\"SearchAction\",\"target\":{\"@type\":\"EntryPoint\",\"urlTemplate\":\"https:\/\/empresei.com\/?s={search_term_string}\"},\"query-input\":{\"@type\":\"PropertyValueSpecification\",\"valueRequired\":true,\"valueName\":\"search_term_string\"}}],\"inLanguage\":\"en-US\"},{\"@type\":\"Organization\",\"@id\":\"https:\/\/empresei.com\/#organization\",\"name\":\"empresei\",\"url\":\"https:\/\/empresei.com\/\",\"logo\":{\"@type\":\"ImageObject\",\"inLanguage\":\"en-US\",\"@id\":\"https:\/\/empresei.com\/#\/schema\/logo\/image\/\",\"url\":\"https:\/\/empresei.com\/wp-content\/uploads\/2024\/09\/cropped-Logo3_Extenso.webp\",\"contentUrl\":\"https:\/\/empresei.com\/wp-content\/uploads\/2024\/09\/cropped-Logo3_Extenso.webp\",\"width\":867,\"height\":191,\"caption\":\"empresei\"},\"image\":{\"@id\":\"https:\/\/empresei.com\/#\/schema\/logo\/image\/\"},\"sameAs\":[\"https:\/\/www.instagram.com\/empreseiqg\/\",\"https:\/\/www.linkedin.com\/company\/empresei\/about\/\"]}]}<\/script>\n<!-- \/ Yoast SEO plugin. -->","yoast_head_json":{"title":"Quem somos","robots":{"index":"index","follow":"follow","max-snippet":"max-snippet:-1","max-image-preview":"max-image-preview:large","max-video-preview":"max-video-preview:-1"},"canonical":"https:\/\/empresei.com\/index.php\/quem-somos\/","og_locale":"en_US","og_type":"article","og_title":"Quem somos","og_description":"Sobre a Empresei Na Empresei, nossa miss\u00e3o \u00e9 impulsionar o sucesso dos empreendedores, ajudando-os a alcan\u00e7ar seu m\u00e1ximo potencial. Somos uma equipe de especialistas dedicados a fornecer consultoria empresarial de alta qualidade, focada em pequenas e m\u00e9dias empresas. Nosso objetivo \u00e9 organizar com efici\u00eancia seus neg\u00f3cios e processos operacionais, utilizando estrat\u00e9gias de planejamento financeiro empresarial, [&hellip;]","og_url":"https:\/\/empresei.com\/index.php\/quem-somos\/","og_site_name":"empresei.com","article_modified_time":"2024-09-23T12:44:00+00:00","twitter_card":"summary_large_image","twitter_misc":{"Est. reading time":"1 minute"},"schema":{"@context":"https:\/\/schema.org","@graph":[{"@type":"WebPage","@id":"https:\/\/empresei.com\/index.php\/quem-somos\/","url":"https:\/\/empresei.com\/index.php\/quem-somos\/","name":"Quem somos","isPartOf":{"@id":"https:\/\/empresei.com\/#website"},"datePublished":"2024-09-20T10:49:53+00:00","dateModified":"2024-09-23T12:44:00+00:00","breadcrumb":{"@id":"https:\/\/empresei.com\/index.php\/quem-somos\/#breadcrumb"},"inLanguage":"en-US","potentialAction":[{"@type":"ReadAction","target":["https:\/\/empresei.com\/index.php\/quem-somos\/"]}]},{"@type":"BreadcrumbList","@id":"https:\/\/empresei.com\/index.php\/quem-somos\/#breadcrumb","itemListElement":[{"@type":"ListItem","position":1,"name":"In\u00edcio","item":"https:\/\/empresei.com\/"},{"@type":"ListItem","position":2,"name":"Quem somos"}]},{"@type":"WebSite","@id":"https:\/\/empresei.com\/#website","url":"https:\/\/empresei.com\/","name":"empresei","description":"","publisher":{"@id":"https:\/\/empresei.com\/#organization"},"potentialAction":[{"@type":"SearchAction","target":{"@type":"EntryPoint","urlTemplate":"https:\/\/empresei.com\/?s={search_term_string}"},"query-input":{"@type":"PropertyValueSpecification","valueRequired":true,"valueName":"search_term_string"}}],"inLanguage":"en-US"},{"@type":"Organization","@id":"https:\/\/empresei.com\/#organization","name":"empresei","url":"https:\/\/empresei.com\/","logo":{"@type":"ImageObject","inLanguage":"en-US","@id":"https:\/\/empresei.com\/#\/schema\/logo\/image\/","url":"https:\/\/empresei.com\/wp-content\/uploads\/2024\/09\/cropped-Logo3_Extenso.webp","contentUrl":"https:\/\/empresei.com\/wp-content\/uploads\/2024\/09\/cropped-Logo3_Extenso.webp","width":867,"height":191,"caption":"empresei"},"image":{"@id":"https:\/\/empresei.com\/#\/schema\/logo\/image\/"},"sameAs":["https:\/\/www.instagram.com\/empreseiqg\/","https:\/\/www.linkedin.com\/company\/empresei\/about\/"]}]}},"_links":{"self":[{"href":"https:\/\/empresei.com\/index.php\/wp-json\/wp\/v2\/pages\/1415"}],"collection":[{"href":"https:\/\/empresei.com\/index.php\/wp-json\/wp\/v2\/pages"}],"about":[{"href":"https:\/\/empresei.com\/index.php\/wp-json\/wp\/v2\/types\/page"}],"author":[{"embeddable":true,"href":"https:\/\/empresei.com\/index.php\/wp-json\/wp\/v2\/users\/3"}],"replies":[{"embeddable":true,"href":"https:\/\/empresei.com\/index.php\/wp-json\/wp\/v2\/comments?post=1415"}],"version-history":[{"count":31,"href":"https:\/\/empresei.com\/index.php\/wp-json\/wp\/v2\/pages\/1415\/revisions"}],"predecessor-version":[{"id":1817,"href":"https:\/\/empresei.com\/index.php\/wp-json\/wp\/v2\/pages\/1415\/revisions\/1817"}],"wp:attachment":[{"href":"https:\/\/empresei.com\/index.php\/wp-json\/wp\/v2\/media?parent=1415"}],"curies":[{"name":"wp","href":"https:\/\/api.w.org\/{rel}","templated":true}]}}